{"id":482,"date":"2025-04-22T17:12:49","date_gmt":"2025-04-22T20:12:49","guid":{"rendered":"https:\/\/delipan.com.ar\/?page_id=482"},"modified":"2025-04-22T17:19:34","modified_gmt":"2025-04-22T20:19:34","slug":"delipan-multicereal","status":"publish","type":"page","link":"https:\/\/delipan.com.ar\/?page_id=482","title":{"rendered":"Delipan Multicereal"},"content":{"rendered":"\t\t<div data-elementor-type=\"wp-page\" data-elementor-id=\"482\" class=\"elementor elementor-482\" data-elementor-post-type=\"page\">\n\t\t\t\t<div class=\"elementor-element elementor-element-2f4e6c5 e-flex e-con-boxed e-con e-parent\" data-id=\"2f4e6c5\" data-element_type=\"container\" data-e-type=\"container\" data-settings=\"{&quot;background_background&quot;:&quot;classic&quot;}\">\n\t\t\t\t\t<div class=\"e-con-inner\">\n\t\t\t\t\t<\/div>\n\t\t\t\t<\/div>\n\t\t<div class=\"elementor-element elementor-element-0f8c328 e-flex e-con-boxed e-con e-parent\" data-id=\"0f8c328\" data-element_type=\"container\" data-e-type=\"container\">\n\t\t\t\t\t<div class=\"e-con-inner\">\n\t\t<div class=\"elementor-element elementor-element-25d6d0a e-con-full e-flex e-con e-child\" data-id=\"25d6d0a\" data-element_type=\"container\" data-e-type=\"container\">\n\t\t\t\t<div class=\"elementor-element elementor-element-20322c4 elementor-invisible elementor-widget elementor-widget-image\" data-id=\"20322c4\" data-element_type=\"widget\" data-e-type=\"widget\" data-settings=\"{&quot;_animation&quot;:&quot;fadeInRight&quot;}\" data-widget_type=\"image.default\">\n\t\t\t\t<div class=\"elementor-widget-container\">\n\t\t\t\t\t\t\t\t\t\t\t\t\t\t\t<img fetchpriority=\"high\" decoding=\"async\" width=\"600\" height=\"600\" src=\"https:\/\/delipan.com.ar\/wp-content\/uploads\/2024\/02\/deli_multicereal.png\" class=\"elementor-animation-bounce-in attachment-large size-large wp-image-89\" alt=\"\" srcset=\"https:\/\/delipan.com.ar\/wp-content\/uploads\/2024\/02\/deli_multicereal.png 600w, https:\/\/delipan.com.ar\/wp-content\/uploads\/2024\/02\/deli_multicereal-300x300.png 300w, https:\/\/delipan.com.ar\/wp-content\/uploads\/2024\/02\/deli_multicereal-150x150.png 150w\" sizes=\"(max-width: 600px) 100vw, 600px\" \/>\t\t\t\t\t\t\t\t\t\t\t\t\t\t\t<\/div>\n\t\t\t\t<\/div>\n\t\t\t\t<\/div>\n\t\t<div class=\"elementor-element elementor-element-3397ec3 e-con-full e-flex e-con e-child\" data-id=\"3397ec3\" data-element_type=\"container\" data-e-type=\"container\">\n\t\t\t\t<div class=\"elementor-element elementor-element-2afb7de elementor-widget elementor-widget-heading\" data-id=\"2afb7de\" data-element_type=\"widget\" data-e-type=\"widget\" data-widget_type=\"heading.default\">\n\t\t\t\t<div class=\"elementor-widget-container\">\n\t\t\t\t\t<h2 class=\"elementor-heading-title elementor-size-default\">Multicereal<\/h2>\t\t\t\t<\/div>\n\t\t\t\t<\/div>\n\t\t\t\t<div class=\"elementor-element elementor-element-b3a9584 elementor-widget elementor-widget-heading\" data-id=\"b3a9584\" data-element_type=\"widget\" data-e-type=\"widget\" data-widget_type=\"heading.default\">\n\t\t\t\t<div class=\"elementor-widget-container\">\n\t\t\t\t\t<h5 class=\"elementor-heading-title elementor-size-default\">La combinaci\u00f3n perfecta de cereales.\n<\/h5>\t\t\t\t<\/div>\n\t\t\t\t<\/div>\n\t\t\t\t<div class=\"elementor-element elementor-element-7f8380f elementor-widget elementor-widget-text-editor\" data-id=\"7f8380f\" data-element_type=\"widget\" data-e-type=\"widget\" data-widget_type=\"text-editor.default\">\n\t\t\t\t<div class=\"elementor-widget-container\">\n\t\t\t\t\t\t\t\t\tUn pan con gran aporte de antioxidantes y Omega 3, el pan Multicereal refleja nuestra pasi\u00f3n por los productos naturales.\n Elaborado con harinas seleccionadas de Avena, Ma\u00edz, Arroz y Soja as\u00ed como una diversa variedad de semillas como S\u00e9samo negro y semillas de Ch\u00eda, aporta energ\u00eda para el d\u00eda a d\u00eda.\nIngredientes: harina de trigo, avena, ma\u00edz y arroz, levadura, sal, leche en polvo.\n\t\t\t\t\t\t\t\t<\/div>\n\t\t\t\t<\/div>\n\t\t<div class=\"elementor-element elementor-element-1eee2a7 e-grid e-con-boxed e-con e-child\" data-id=\"1eee2a7\" data-element_type=\"container\" data-e-type=\"container\">\n\t\t\t\t\t<div class=\"e-con-inner\">\n\t\t\t\t<div class=\"elementor-element elementor-element-8d4898f elementor-widget elementor-widget-image\" data-id=\"8d4898f\" data-element_type=\"widget\" data-e-type=\"widget\" data-widget_type=\"image.default\">\n\t\t\t\t<div class=\"elementor-widget-container\">\n\t\t\t\t\t\t\t\t\t\t\t\t\t\t\t<img decoding=\"async\" width=\"1\" height=\"1\" src=\"https:\/\/delipan.com.ar\/wp-content\/uploads\/2025\/04\/grasas_trans.svg\" class=\"attachment-large size-large wp-image-435\" alt=\"\" \/>\t\t\t\t\t\t\t\t\t\t\t\t\t\t\t<\/div>\n\t\t\t\t<\/div>\n\t\t\t\t<div class=\"elementor-element elementor-element-17fbc0d elementor-widget elementor-widget-image\" data-id=\"17fbc0d\" data-element_type=\"widget\" data-e-type=\"widget\" data-widget_type=\"image.default\">\n\t\t\t\t<div class=\"elementor-widget-container\">\n\t\t\t\t\t\t\t\t\t\t\t\t\t\t\t<img decoding=\"async\" width=\"1\" height=\"1\" src=\"https:\/\/delipan.com.ar\/wp-content\/uploads\/2025\/04\/omega.svg\" class=\"attachment-large size-large wp-image-434\" alt=\"\" \/>\t\t\t\t\t\t\t\t\t\t\t\t\t\t\t<\/div>\n\t\t\t\t<\/div>\n\t\t\t\t\t<\/div>\n\t\t\t\t<\/div>\n\t\t<div class=\"elementor-element elementor-element-a7b365d e-grid e-con-full e-con e-child\" data-id=\"a7b365d\" data-element_type=\"container\" data-e-type=\"container\">\n\t\t\t\t<div class=\"elementor-element elementor-element-9e1bb6e elementor-widget elementor-widget-image\" data-id=\"9e1bb6e\" data-element_type=\"widget\" data-e-type=\"widget\" data-widget_type=\"image.default\">\n\t\t\t\t<div class=\"elementor-widget-container\">\n\t\t\t\t\t\t\t\t\t\t\t\t\t\t\t<img loading=\"lazy\" decoding=\"async\" width=\"1\" height=\"1\" src=\"https:\/\/delipan.com.ar\/wp-content\/uploads\/2025\/04\/multicereal.svg\" class=\"attachment-large size-large wp-image-486\" alt=\"\" \/>\t\t\t\t\t\t\t\t\t\t\t\t\t\t\t<\/div>\n\t\t\t\t<\/div>\n\t\t\t\t<\/div>\n\t\t\t\t<\/div>\n\t\t\t\t\t<\/div>\n\t\t\t\t<\/div>\n\t\t\t\t<\/div>\n\t\t","protected":false},"excerpt":{"rendered":"<p>Multicereal La combinaci\u00f3n perfecta de cereales. Un pan con gran aporte de antioxidantes y Omega 3, el pan Multicereal refleja nuestra pasi\u00f3n por los productos naturales. Elaborado con harinas seleccionadas de Avena, Ma\u00edz, Arroz y Soja as\u00ed como una diversa variedad de semillas como S\u00e9samo negro y semillas de Ch\u00eda, aporta energ\u00eda para el d\u00eda [&hellip;]<\/p>\n","protected":false},"author":1,"featured_media":0,"parent":0,"menu_order":0,"comment_status":"closed","ping_status":"closed","template":"","meta":{"footnotes":""},"class_list":["post-482","page","type-page","status-publish","hentry"],"_links":{"self":[{"href":"https:\/\/delipan.com.ar\/index.php?rest_route=\/wp\/v2\/pages\/482","targetHints":{"allow":["GET"]}}],"collection":[{"href":"https:\/\/delipan.com.ar\/index.php?rest_route=\/wp\/v2\/pages"}],"about":[{"href":"https:\/\/delipan.com.ar\/index.php?rest_route=\/wp\/v2\/types\/page"}],"author":[{"embeddable":true,"href":"https:\/\/delipan.com.ar\/index.php?rest_route=\/wp\/v2\/users\/1"}],"replies":[{"embeddable":true,"href":"https:\/\/delipan.com.ar\/index.php?rest_route=%2Fwp%2Fv2%2Fcomments&post=482"}],"version-history":[{"count":4,"href":"https:\/\/delipan.com.ar\/index.php?rest_route=\/wp\/v2\/pages\/482\/revisions"}],"predecessor-version":[{"id":489,"href":"https:\/\/delipan.com.ar\/index.php?rest_route=\/wp\/v2\/pages\/482\/revisions\/489"}],"wp:attachment":[{"href":"https:\/\/delipan.com.ar\/index.php?rest_route=%2Fwp%2Fv2%2Fmedia&parent=482"}],"curies":[{"name":"wp","href":"https:\/\/api.w.org\/{rel}","templated":true}]}}