{"id":647,"date":"2025-06-18T18:45:06","date_gmt":"2025-06-18T21:45:06","guid":{"rendered":"https:\/\/delipan.com.ar\/?page_id=647"},"modified":"2025-06-19T10:19:09","modified_gmt":"2025-06-19T13:19:09","slug":"rapideli-salvado","status":"publish","type":"page","link":"https:\/\/delipan.com.ar\/?page_id=647","title":{"rendered":"Rapideli Espinaca"},"content":{"rendered":"\t\t<div data-elementor-type=\"wp-page\" data-elementor-id=\"647\" class=\"elementor elementor-647\" data-elementor-post-type=\"page\">\n\t\t\t\t<div class=\"elementor-element elementor-element-2f4e6c5 e-flex e-con-boxed e-con e-parent\" data-id=\"2f4e6c5\" data-element_type=\"container\" data-e-type=\"container\" data-settings=\"{&quot;background_background&quot;:&quot;classic&quot;}\">\n\t\t\t\t\t<div class=\"e-con-inner\">\n\t\t\t\t\t<\/div>\n\t\t\t\t<\/div>\n\t\t<div class=\"elementor-element elementor-element-0f8c328 e-flex e-con-boxed e-con e-parent\" data-id=\"0f8c328\" data-element_type=\"container\" data-e-type=\"container\">\n\t\t\t\t\t<div class=\"e-con-inner\">\n\t\t<div class=\"elementor-element elementor-element-25d6d0a e-con-full e-flex e-con e-child\" data-id=\"25d6d0a\" data-element_type=\"container\" data-e-type=\"container\">\n\t\t\t\t<div class=\"elementor-element elementor-element-20322c4 elementor-invisible elementor-widget elementor-widget-image\" data-id=\"20322c4\" data-element_type=\"widget\" data-e-type=\"widget\" data-settings=\"{&quot;_animation&quot;:&quot;fadeInRight&quot;}\" data-widget_type=\"image.default\">\n\t\t\t\t<div class=\"elementor-widget-container\">\n\t\t\t\t\t\t\t\t\t\t\t\t\t\t\t<img fetchpriority=\"high\" decoding=\"async\" width=\"636\" height=\"541\" src=\"https:\/\/delipan.com.ar\/wp-content\/uploads\/2025\/06\/rapideli_espinaca.jpg\" class=\"elementor-animation-bounce-in attachment-large size-large wp-image-557\" alt=\"\" srcset=\"https:\/\/delipan.com.ar\/wp-content\/uploads\/2025\/06\/rapideli_espinaca.jpg 636w, https:\/\/delipan.com.ar\/wp-content\/uploads\/2025\/06\/rapideli_espinaca-300x255.jpg 300w\" sizes=\"(max-width: 636px) 100vw, 636px\" \/>\t\t\t\t\t\t\t\t\t\t\t\t\t\t\t<\/div>\n\t\t\t\t<\/div>\n\t\t\t\t<\/div>\n\t\t<div class=\"elementor-element elementor-element-3397ec3 e-con-full e-flex e-con e-child\" data-id=\"3397ec3\" data-element_type=\"container\" data-e-type=\"container\">\n\t\t\t\t<div class=\"elementor-element elementor-element-2afb7de elementor-widget elementor-widget-heading\" data-id=\"2afb7de\" data-element_type=\"widget\" data-e-type=\"widget\" data-widget_type=\"heading.default\">\n\t\t\t\t<div class=\"elementor-widget-container\">\n\t\t\t\t\t<h2 class=\"elementor-heading-title elementor-size-default\">Rapideli Espinaca<\/h2>\t\t\t\t<\/div>\n\t\t\t\t<\/div>\n\t\t\t\t<div class=\"elementor-element elementor-element-7f8380f elementor-widget elementor-widget-text-editor\" data-id=\"7f8380f\" data-element_type=\"widget\" data-e-type=\"widget\" data-widget_type=\"text-editor.default\">\n\t\t\t\t<div class=\"elementor-widget-container\">\n\t\t\t\t\t\t\t\t\t<p>Las Rapideli sabor espinaca contienen espinaca natural en polvo, alimento que es fuente de prote\u00ednas, hierro, vitaminas y minerales.<br \/>La espinaca le da un sabor \u00fanico al producto y es f\u00e1cil de combinar con cualquier alimento.<br \/>Ingredientes: harina de trigo, agua, aceite vegetal, vinagre de alcohol, sal, espinaca en polvo.<\/p>\t\t\t\t\t\t\t\t<\/div>\n\t\t\t\t<\/div>\n\t\t\t\t<\/div>\n\t\t\t\t\t<\/div>\n\t\t\t\t<\/div>\n\t\t\t\t<\/div>\n\t\t","protected":false},"excerpt":{"rendered":"<p>Rapideli Espinaca Las Rapideli sabor espinaca contienen espinaca natural en polvo, alimento que es fuente de prote\u00ednas, hierro, vitaminas y minerales.La espinaca le da un sabor \u00fanico al producto y es f\u00e1cil de combinar con cualquier alimento.Ingredientes: harina de trigo, agua, aceite vegetal, vinagre de alcohol, sal, espinaca en polvo.<\/p>\n","protected":false},"author":1,"featured_media":0,"parent":0,"menu_order":0,"comment_status":"closed","ping_status":"closed","template":"","meta":{"footnotes":""},"class_list":["post-647","page","type-page","status-publish","hentry"],"_links":{"self":[{"href":"https:\/\/delipan.com.ar\/index.php?rest_route=\/wp\/v2\/pages\/647","targetHints":{"allow":["GET"]}}],"collection":[{"href":"https:\/\/delipan.com.ar\/index.php?rest_route=\/wp\/v2\/pages"}],"about":[{"href":"https:\/\/delipan.com.ar\/index.php?rest_route=\/wp\/v2\/types\/page"}],"author":[{"embeddable":true,"href":"https:\/\/delipan.com.ar\/index.php?rest_route=\/wp\/v2\/users\/1"}],"replies":[{"embeddable":true,"href":"https:\/\/delipan.com.ar\/index.php?rest_route=%2Fwp%2Fv2%2Fcomments&post=647"}],"version-history":[{"count":8,"href":"https:\/\/delipan.com.ar\/index.php?rest_route=\/wp\/v2\/pages\/647\/revisions"}],"predecessor-version":[{"id":671,"href":"https:\/\/delipan.com.ar\/index.php?rest_route=\/wp\/v2\/pages\/647\/revisions\/671"}],"wp:attachment":[{"href":"https:\/\/delipan.com.ar\/index.php?rest_route=%2Fwp%2Fv2%2Fmedia&parent=647"}],"curies":[{"name":"wp","href":"https:\/\/api.w.org\/{rel}","templated":true}]}}