{"id":691,"date":"2025-06-19T10:26:34","date_gmt":"2025-06-19T13:26:34","guid":{"rendered":"https:\/\/delipan.com.ar\/?page_id=691"},"modified":"2025-07-29T14:03:57","modified_gmt":"2025-07-29T17:03:57","slug":"superpancho","status":"publish","type":"page","link":"https:\/\/delipan.com.ar\/?page_id=691","title":{"rendered":"Superpanchos"},"content":{"rendered":"\t\t<div data-elementor-type=\"wp-page\" data-elementor-id=\"691\" class=\"elementor elementor-691\" data-elementor-post-type=\"page\">\n\t\t\t\t<div class=\"elementor-element elementor-element-2f4e6c5 e-flex e-con-boxed e-con e-parent\" data-id=\"2f4e6c5\" data-element_type=\"container\" data-e-type=\"container\" data-settings=\"{&quot;background_background&quot;:&quot;classic&quot;}\">\n\t\t\t\t\t<div class=\"e-con-inner\">\n\t\t\t\t\t<\/div>\n\t\t\t\t<\/div>\n\t\t<div class=\"elementor-element elementor-element-0f8c328 e-flex e-con-boxed e-con e-parent\" data-id=\"0f8c328\" data-element_type=\"container\" data-e-type=\"container\">\n\t\t\t\t\t<div class=\"e-con-inner\">\n\t\t<div class=\"elementor-element elementor-element-25d6d0a e-con-full e-flex e-con e-child\" data-id=\"25d6d0a\" data-element_type=\"container\" data-e-type=\"container\">\n\t\t\t\t<div class=\"elementor-element elementor-element-20322c4 elementor-invisible elementor-widget elementor-widget-image\" data-id=\"20322c4\" data-element_type=\"widget\" data-e-type=\"widget\" data-settings=\"{&quot;_animation&quot;:&quot;fadeInRight&quot;}\" data-widget_type=\"image.default\">\n\t\t\t\t<div class=\"elementor-widget-container\">\n\t\t\t\t\t\t\t\t\t\t\t\t\t\t\t<img fetchpriority=\"high\" decoding=\"async\" width=\"636\" height=\"541\" src=\"https:\/\/delipan.com.ar\/wp-content\/uploads\/2025\/06\/superpanchos.jpg\" class=\"elementor-animation-bounce-in attachment-large size-large wp-image-571\" alt=\"\" srcset=\"https:\/\/delipan.com.ar\/wp-content\/uploads\/2025\/06\/superpanchos.jpg 636w, https:\/\/delipan.com.ar\/wp-content\/uploads\/2025\/06\/superpanchos-300x255.jpg 300w\" sizes=\"(max-width: 636px) 100vw, 636px\" \/>\t\t\t\t\t\t\t\t\t\t\t\t\t\t\t<\/div>\n\t\t\t\t<\/div>\n\t\t\t\t<\/div>\n\t\t<div class=\"elementor-element elementor-element-3397ec3 e-con-full e-flex e-con e-child\" data-id=\"3397ec3\" data-element_type=\"container\" data-e-type=\"container\">\n\t\t\t\t<div class=\"elementor-element elementor-element-2afb7de elementor-widget elementor-widget-heading\" data-id=\"2afb7de\" data-element_type=\"widget\" data-e-type=\"widget\" data-widget_type=\"heading.default\">\n\t\t\t\t<div class=\"elementor-widget-container\">\n\t\t\t\t\t<h2 class=\"elementor-heading-title elementor-size-default\">Superpanchos<\/h2>\t\t\t\t<\/div>\n\t\t\t\t<\/div>\n\t\t\t\t<div class=\"elementor-element elementor-element-7f8380f elementor-widget elementor-widget-text-editor\" data-id=\"7f8380f\" data-element_type=\"widget\" data-e-type=\"widget\" data-widget_type=\"text-editor.default\">\n\t\t\t\t<div class=\"elementor-widget-container\">\n\t\t\t\t\t\t\t\t\t<p>Este pan tipo viena para superpanchos es m\u00e1s largo que el convencional. La masa elaborada pasa por un proceso de sobado en el cual se lamina la masa, pleg\u00e1ndola y estir\u00e1ndola sucesivas veces de manera que se obtenga un producto suave, uniforme y esponjoso. Sus ingredientes son: harina de trigo, az\u00facar, grasa, levadura, sal, gluten.<\/p>\t\t\t\t\t\t\t\t<\/div>\n\t\t\t\t<\/div>\n\t\t\t\t<\/div>\n\t\t\t\t\t<\/div>\n\t\t\t\t<\/div>\n\t\t\t\t<\/div>\n\t\t","protected":false},"excerpt":{"rendered":"<p>Superpanchos Este pan tipo viena para superpanchos es m\u00e1s largo que el convencional. La masa elaborada pasa por un proceso de sobado en el cual se lamina la masa, pleg\u00e1ndola y estir\u00e1ndola sucesivas veces de manera que se obtenga un producto suave, uniforme y esponjoso. Sus ingredientes son: harina de trigo, az\u00facar, grasa, levadura, sal, [&hellip;]<\/p>\n","protected":false},"author":1,"featured_media":0,"parent":0,"menu_order":0,"comment_status":"closed","ping_status":"closed","template":"","meta":{"footnotes":""},"class_list":["post-691","page","type-page","status-publish","hentry"],"_links":{"self":[{"href":"https:\/\/delipan.com.ar\/index.php?rest_route=\/wp\/v2\/pages\/691","targetHints":{"allow":["GET"]}}],"collection":[{"href":"https:\/\/delipan.com.ar\/index.php?rest_route=\/wp\/v2\/pages"}],"about":[{"href":"https:\/\/delipan.com.ar\/index.php?rest_route=\/wp\/v2\/types\/page"}],"author":[{"embeddable":true,"href":"https:\/\/delipan.com.ar\/index.php?rest_route=\/wp\/v2\/users\/1"}],"replies":[{"embeddable":true,"href":"https:\/\/delipan.com.ar\/index.php?rest_route=%2Fwp%2Fv2%2Fcomments&post=691"}],"version-history":[{"count":13,"href":"https:\/\/delipan.com.ar\/index.php?rest_route=\/wp\/v2\/pages\/691\/revisions"}],"predecessor-version":[{"id":950,"href":"https:\/\/delipan.com.ar\/index.php?rest_route=\/wp\/v2\/pages\/691\/revisions\/950"}],"wp:attachment":[{"href":"https:\/\/delipan.com.ar\/index.php?rest_route=%2Fwp%2Fv2%2Fmedia&parent=691"}],"curies":[{"name":"wp","href":"https:\/\/api.w.org\/{rel}","templated":true}]}}